{"id":775,"date":"2025-07-16T11:45:26","date_gmt":"2025-07-16T14:45:26","guid":{"rendered":"https:\/\/www.reoutlet.com.ar\/?page_id=775"},"modified":"2025-10-21T15:01:45","modified_gmt":"2025-10-21T18:01:45","slug":"legales","status":"publish","type":"page","link":"https:\/\/www.reoutlet.com.ar\/?page_id=775","title":{"rendered":"LEGALES &#038; BASES Y CONDICIONES"},"content":{"rendered":"\t\t<div data-elementor-type=\"wp-page\" data-elementor-id=\"775\" class=\"elementor elementor-775\" data-elementor-post-type=\"page\">\n\t\t\t\t<div class=\"elementor-element elementor-element-df65ee8 e-flex e-con-boxed e-con e-parent\" data-id=\"df65ee8\" data-element_type=\"container\" data-e-type=\"container\">\n\t\t\t\t\t<div class=\"e-con-inner\">\n\t\t\t\t<div class=\"elementor-element elementor-element-cb20040 elementor-widget elementor-widget-heading\" data-id=\"cb20040\" data-element_type=\"widget\" data-e-type=\"widget\" data-widget_type=\"heading.default\">\n\t\t\t\t<div class=\"elementor-widget-container\">\n\t\t\t\t\t<h2 class=\"elementor-heading-title elementor-size-default\">LEGALES - \"GAN\u00c1 UNA CAMISETA AUTOGRAFIADA DE LA SELECCI\u00d3N \u2013 RE! OUTLET\u201d<\/h2>\t\t\t\t<\/div>\n\t\t\t\t<\/div>\n\t\t\t\t<div class=\"elementor-element elementor-element-e196d33 elementor-widget elementor-widget-text-editor\" data-id=\"e196d33\" data-element_type=\"widget\" data-e-type=\"widget\" data-widget_type=\"text-editor.default\">\n\t\t\t\t<div class=\"elementor-widget-container\">\n\t\t\t\t\t\t\t\t\t<p>PROMOCION SIN OBLIGACI\u00d3N DE COMPRA V\u00c1LIDA EN LA FERIA RE! OUTLET \u2013 EDICI\u00d3N FLASH (AV. SARMIENTO 2704, CABA), DE 12:00 A 20:00HS DEL 17\/10\/2025 AL 30\/10\/2025, PARA MAYORES DE 18 A\u00d1OS REGISTRADOS EN \u00a1APPA! LAS PERSONAS QUE CARGUEN EN \u00a1APPA! UNA FACTURA DE COMPRA POR LA SUMA DE $150.000 O M\u00c1S EMITIDA POR LOS STANDS PARTICIPANTES DE RE! OUTLET EDICI\u00d3N FLASH DURANTE EL PLAZO DE VIGENCIA PARTICIPAR\u00c1N EN EL SORTEO DEL D\u00cdA 03\/11\/2025 POR 1 CAMISTA DE LA SELECCI\u00d3N ARGENTINA DE F\u00daBTOL, VERSI\u00d3N TITULAR (PRIMER PUESTO), 1 \u00a1APPA! GIFT DE $200.000 (SEGUNDO PUESTO), 1 \u00a1APPA! GIFT DE $100.000 (TERCER PUESTO) Y 1 \u00a1APPA! GIFT DE $50.000 (CUARTO Y QUINTO PUESTO). SE SORTEAR\u00c1N 5 GANADORES. NO SE PODR\u00c1N ACUMULAR FACTURAS PARA LLEGAR AL MONTO REQUERIDO. S\u00d3LO SE PODR\u00c1 PARTICIPAR UNA VEZ POR FACTURA. POR CADA FACTURA DISTINTA QUE SEA CARGADA EN \u00a1APPA! Y QUE CUMPLA LOS REQUISITOS SE OBTENDR\u00c1 1 CHANCE EN EL SORTEO. PREMIO PERSONAL E INTRANSFERIBLE. LOS PREMIOS NO SE PODR\u00c1N CANJEAR POR DINERO. PROMOCI\u00d3N NO ACUMULABLE CON OTROS BENEFICIOS. PARA M\u00c1S INFORMACI\u00d3N CONSULTE BASES Y CONDICIONES EN: https:\/\/www.reoutlet.com.ar\/?page_id=775. IRSA INVERSIONES Y REPRESENTACIONES SOCIEDAD AN\u00d3NIMA, CUIT 30-52532274-9, CARLOS DELLA PAOLERA 261, PISO 9, CABA. <\/p>\t\t\t\t\t\t\t\t<\/div>\n\t\t\t\t<\/div>\n\t\t\t\t\t<\/div>\n\t\t\t\t<\/div>\n\t\t<div class=\"elementor-element elementor-element-c5eee69 e-flex e-con-boxed e-con e-parent\" data-id=\"c5eee69\" data-element_type=\"container\" data-e-type=\"container\">\n\t\t\t\t\t<div class=\"e-con-inner\">\n\t\t\t\t<div class=\"elementor-element elementor-element-f3faaff elementor-widget elementor-widget-heading\" data-id=\"f3faaff\" data-element_type=\"widget\" data-e-type=\"widget\" data-widget_type=\"heading.default\">\n\t\t\t\t<div class=\"elementor-widget-container\">\n\t\t\t\t\t<h2 class=\"elementor-heading-title elementor-size-default\">BASES Y CONDICIONES - \"<em>GAN\u00c1 UNA CAMISETA AUTOGRAFIADA DE LA SELECCI\u00d3N \u2013 RE! OUTLET\u201d<\/em><\/h2>\t\t\t\t<\/div>\n\t\t\t\t<\/div>\n\t\t\t\t<div class=\"elementor-element elementor-element-76eb7a8 elementor-widget elementor-widget-text-editor\" data-id=\"76eb7a8\" data-element_type=\"widget\" data-e-type=\"widget\" data-widget_type=\"text-editor.default\">\n\t\t\t\t<div class=\"elementor-widget-container\">\n\t\t\t\t\t\t\t\t\t<p><strong>IRSA INVERSIONES Y REPRESENTACIONES SOCIEDAD AN\u00d3NIMA, <\/strong>CUIT N\u00b0 30-52532274-9, con domicilio en Carlos Della Paolera 261, piso 9\u00b0, de la Ciudad Aut\u00f3noma de Buenos Aires (en adelante, el \u201cOrganizador\u201d) es el organizador de la presente Promoci\u00f3n, sin obligaci\u00f3n de compra, denominada <em>\u201cGAN\u00c1 UNA CAMISETA AUTOGRAFIADA DE LA SELECCI\u00d3N \u2013 RE! OUTLET\u201d <\/em>(en adelante, la \u201cPromoci\u00f3n\u201d) que se regir\u00e1 por las estipulaciones y condiciones que a continuaci\u00f3n se detallan (en adelante, las \u201cBases\u201d). Las personas intervinientes en la misma, por su sola participaci\u00f3n, aceptan de pleno derecho todas y cada una de las disposiciones descriptas en estas Bases, as\u00ed como las decisiones adoptadas por el Organizador sobre cualquier cuesti\u00f3n no prevista en las mismas.<\/p><p><strong><u>\u00a0<\/u><\/strong><\/p><ol><li><strong><u>VIGENCIA<\/u><\/strong>: La Promoci\u00f3n se llevar\u00e1 a cabo de 12:00hs. a 20:00hs desde el 17 de octubre de 2025 hasta el 30 de octubre de 2025, ambos d\u00edas inclusive (en adelante, el \u201cPlazo de Vigencia\u201d) en la feria Re! Outlet \u2013 Edici\u00f3n Flash, sito en Av. Sarmiento 2704 (Predio Ferial la Rural), Ciudad de Buenos Aires (en adelante, la \u201cFeria\u201d).<\/li><\/ol><ol start=\"2\"><li><strong><u>PARTICIPANTES:<\/u><\/strong> Podr\u00e1n participar de la Promoci\u00f3n (I) aquellas personas f\u00edsicas, (II) mayores de 18 a\u00f1os, (III) que residan en la Provincia de Buenos Aires (en adelante, el \u201cTerritorio\u201d), (IV) que se encuentren registradas y\/o se registren en \u00a1APPA!, y (V) que carguen en \u00a1appa! una factura de compra emitida en alguno de los locales\/stands ubicados en la Feria por la suma de pesos ciento cincuenta mil ($150.000) o m\u00e1s durante el Plazo de Vigencia (en adelante, los \u201cParticipantes\u201d).<\/li><\/ol><ol start=\"3\"><li><strong><u>FACTURAS Y\/O TICKETS ADMITIDOS<\/u><\/strong>: Son facturas o tickets de compra habilitados para participar de esta Promoci\u00f3n aqu\u00e9llos que re\u00fanan simult\u00e1neamente las caracter\u00edsticas que se establecen a continuaci\u00f3n: (i) Que haya sido emitida\/o durante el Plazo de Vigencia por alguno de los locales y\/o stands de la Feria; (ii) Que sea por la suma de pesos ciento cincuenta mil ($150.000) o m\u00e1s; (iii) Que sea cargada en la secci\u00f3n \u201cMis Facturas\u201d de la aplicaci\u00f3n \u00a1appa! durante el Plazo de Vigencia; y (iv) Que est\u00e9 aprobada por el Organizador. No se podr\u00e1n acumular facturas para llegar al monto requerido. No se podr\u00e1 participar m\u00e1s de una (1) vez por factura.<\/li><\/ol><p>Cada factura que sea cargada en \u00a1appa! durante el Plazo de Vigencia, que cumpla los requisitos, y que est\u00e9 aprobada por el Organizador brindar\u00e1 una (1) chance en el Sorteo que se describe en el punto 6 siguiente.<\/p><p>Se aclara que la presente Promoci\u00f3n no implica obligaci\u00f3n de compra ya que se podr\u00e1 participar de manera gratuita siguiendo los pasos indicados en el punto 5 siguiente.<\/p><ol start=\"4\"><li><strong><u>ACTUACI\u00d3N DE APPA<\/u><\/strong>: Los Usuarios declaran conocer que la aplicaci\u00f3n \u00a1appa! es de titularidad de WE ARE APPA S.A., CUIT 30-71625300-3, con domicilio en Carlos Della Paolera 261, piso 8, de la Ciudad Aut\u00f3noma de Buenos Aires, quien act\u00faa exclusivamente con relaci\u00f3n a la presente como agente, actuando por nombre y orden de IRSA INVERSIONES Y REPRESENTACIONES SOCIEDAD AN\u00d3NIMA, siendo este \u00faltimo exclusivo organizador de la presente Promoci\u00f3n.<\/li><\/ol><p><strong><u>\u00a0<\/u><\/strong><\/p><ol start=\"5\"><li><strong><u>PROMOCI\u00d3N SIN OBLIGACI\u00d3N DE COMPRA:<\/u><\/strong> Aquellas personas que deseen participar sin cargar una factura de compra, podr\u00e1n hacerlo siguiendo a la cuenta de Re! Outlet en la red social Instagram (@re_outletok) y enviando por mensaje directo de Instagram, durante el Plazo de Vigencia, un dibujo propio realizado a mano alzada y coloreado del logo de la Feria, el predio La Rural y una camiseta de la selecci\u00f3n argentina de f\u00fatbol. Asimismo, deber\u00e1n indicar junto al dorso del dibujo su nombre, apellido, tipo y n\u00famero de documento, direcci\u00f3n de correo electr\u00f3nico y tel\u00e9fono y obtendr\u00e1n una (1) chance en el Sorteo que se describe en el punto 6 de las Bases. Se podr\u00e1 presentar como m\u00e1ximo un (1) dibujo durante el Plazo de Vigencia de la Promoci\u00f3n.<\/li><\/ol><p><strong><u>\u00a0<\/u><\/strong><\/p><ol start=\"6\"><li><strong><u>MEC\u00c1NICA DEL SORTEO<\/u><\/strong>: El 03 de noviembre de 2025 se realizar\u00e1 un (1) sorteo, entre todos los Participantes (en adelante, el \u201cSorteo\u201d). El Sorteo se realizar\u00e1 mediante un sitio web o app de sorteos, pudiendo ser grabado o presenciado por dos (2) testigos, o ante un escribano p\u00fablico, a elecci\u00f3n del Organizador, del cual saldr\u00e1n cinco (5) potenciales ganadores extra\u00eddos de las bases de datos confeccionadas como consecuencia de las posibilidades de participaci\u00f3n asignadas conforme a las previsiones previstas en el punto nueve (9) de estas Bases (en adelante, los \u201cGanadores\u201d). En el caso de que salgan seleccionadas una o m\u00e1s personas que no cumplan con los requisitos exigidos en el punto 2 y 3 se sortear\u00e1 nuevamente y as\u00ed sucesivamente hasta dar cumplimiento con los requisitos de participaci\u00f3n. Las personas que cumplan con los requisitos de participaci\u00f3n y con el punto 8 respecto a la adjudicaci\u00f3n de los Premios ser\u00e1n los Ganadores del Sorteo.<\/li><\/ol><p>El Organizador se reserva el derecho de modificar la fecha del Sorteo, dando en su caso, la debida comunicaci\u00f3n y publicaci\u00f3n. Se extraer\u00e1n adicionalmente cinco (5) suplentes, para utilizar en caso de que los extra\u00eddos inicialmente no fuesen v\u00e1lidos o no cumplan con los requisitos previstos en los puntos 2 y 3 de las presentes Bases, de manera tal de hacer posible la adjudicaci\u00f3n del premio correspondiente a la Promoci\u00f3n.<\/p><ol start=\"7\"><li><strong><u>PREMIOS:<\/u><\/strong> Los Ganadores, seg\u00fan el orden obtenido en el Sorteo, ser\u00e1n adjudicatarios de (en adelante, los \u201cPremios\u201d):<\/li><\/ol><ul><li><strong><u>PRIMER PUESTO: <\/u><\/strong>Una (1) camiseta de la selecci\u00f3n argentina de f\u00fatbol, versi\u00f3n titular, talle M, autografiada.<\/li><li><strong><u>SEGUNDO PUESTO:<\/u><\/strong> Una (1) orden de compra \u00a1appa! Gift por la suma de pesos doscientos mil ($200.000.-) para utilizar en locales adheridos al sistema de los centros comerciales de IRSA INVERSIONES Y REPRESENTACIONES SOCIEDAD AN\u00d3NIMA;<\/li><li><strong><u>TERCER PUESTO:<\/u><\/strong> Una (1) orden de compra \u00a1appa! Gift por la suma de pesos cien mil ($100.000.-) para utilizar en locales adheridos al sistema de los centros comerciales de IRSA INVERSIONES Y REPRESENTACIONES SOCIEDAD AN\u00d3NIMA;<\/li><li><strong><u>CUARTO Y QUINTO PUESTO:<\/u><\/strong> Una (1) orden de compra \u00a1appa! Gift por la suma de pesos cincuenta mil ($50.000.-) para utilizar en locales adheridos al sistema de los centros comerciales de IRSA INVERSIONES Y REPRESENTACIONES SOCIEDAD AN\u00d3NIMA.<\/li><\/ul><p>Las \u00f3rdenes de compra \u00a1appa! Gift son \u00f3rdenes de compra virtuales para utilizar en los locales\/stands adheridos al sistema de los centros comerciales de IRSA INVERSIONES Y REPRESENTACIONES SOCIEDAD AN\u00d3NIMA. Tendr\u00e1n vigencia de siete (7) d\u00edas corridos contados a partir de la fecha de adjudicaci\u00f3n. Transcurrida la fecha de vencimiento o utilizada la \u00a1appa! Gift, los \u00a1appa! Gift carecer\u00e1n de valor. Los \u00a1appa! Gift podr\u00e1n ser utilizados directamente desde la aplicaci\u00f3n \u00a1appa! del usuario Ganador. Las \u00f3rdenes de compra \u00a1appa! Gift ser\u00e1n asignadas al usuario de quienes hayan resultado ganadores, sin excepci\u00f3n. Los \u00a1appa! GIft son intransferibles. Los Ganadores deber\u00e1n consultar condiciones de uso, comercios adheridos y m\u00e1s informaci\u00f3n en www.appagift.com\/. Se deja constancia que los \u00a1appa! Gift se limitan al detalle mencionado y no podr\u00e1n ser canjeados por sumas de dinero y\/o por otro bienes y servicios. En caso de que el monto de la compra sea inferior a dicha suma no existir\u00e1n saldos a favor de los ganadores. Si los Ganadores realizaran una compra por un valor superior al monto disponible del Premio, deber\u00e1n abonar la diferencia con los medios de pago disponibles en los locales adheridos.<\/p><p>Los Premios no se podr\u00e1n canjear por dinero en efectivo, ni por otros productos y\/o servicios ni por ninguna otra prestaci\u00f3n, ni aun cuando no gozar\u00e1n de aquellos total o parcialmente por cualquier causa. Los Premios se limitan al detalle mencionado y por lo tanto no incluye otros bienes, prestaciones ni gastos. En consecuencia, todo gasto adicional en el que incurran los Ganadores para acceder, hacer uso o disponer de los Premios correr\u00e1 por su exclusiva cuenta. Los Premios son para uso personal de los Ganadores y no podr\u00e1n ser transferidos. Una vez entregado, el Organizador queda liberado de toda responsabilidad respecto de los Premios. El Organizador no asume responsabilidad alguna por el uso o destino dado a los Premios. El Organizador no reemplazar\u00e1 los Premios que sean extraviados o robados o hurtados, despu\u00e9s de su entrega a los Ganadores. El Organizador no otorga garant\u00eda de calidad, ni ninguna otra con relaci\u00f3n al servicio ofrecido como Premio. El Organizador no ser\u00e1 responsable por los gastos en que incurrieren los Usuarios en cualquier etapa de la Promoci\u00f3n, con excepci\u00f3n de lo previsto en estas Bases.<\/p><ol start=\"8\"><li><strong><u>GANADORES \u2013 NOTIFICACI\u00d3N &#8211; ACEPTACI\u00d3N DEL PREMIO &#8211; ADJUDICACI\u00d3N:<\/u><\/strong> Los Ganadores ser\u00e1n notificados dentro de las cuarenta y ocho (48) horas h\u00e1biles de finalizado el Sorteo por el Organizador. A los efectos de hacer efectiva la adjudicaci\u00f3n\/entrega de los Premios, los Ganadores deber\u00e1n enviar una copia de su documento nacional de identidad, y firmar un acuse de recibo de los Premios, junto con la respuesta correcta a una pregunta de inter\u00e9s general que le ser\u00e1 formulada en el acuse. Los Ganadores deber\u00e1n responder el contacto por parte del Organizador dentro de las veinticuatro (24) horas siguientes, cumpliendo los requisitos mencionados precedentemente, en caso de no obtener respuesta por parte de los Ganadores o si no respondieran correctamente la pregunta de inter\u00e9s general, se pasar\u00e1 a contactar a los suplentes obtenidos en el Sorteo seg\u00fan el orden de salida en el mismo.<\/li><\/ol><p>En el supuesto de que los Ganadores y\/o suplentes no reclamaran los Premios en el plazo previsto y\/o el Premio no pudiera adjudicarse por cualquier motivo, los Premios quedar\u00e1n en propiedad del Organizador.<\/p><p>Dentro de los siete (7) d\u00edas h\u00e1biles siguientes al contacto por parte de los Ganadores, los Ganadores deber\u00e1n coordinar con el Organizador para retirar los Premios en lugar a convenir, de lunes a viernes de 10:00 a 17:00hs. La adjudicaci\u00f3n de las \u00a1appa! Gift se realziar\u00e1 de forma digital a trav\u00e9s de \u00a1appa!<\/p><p>En el supuesto de que el Premio no fuera efectivamente reclamado y\/o retirado por los Ganadores y\/o suplentes previo al d\u00eda 30\/11\/2025, los Premios quedar\u00e1n en propiedad del Organizador.<\/p><ol start=\"9\"><li><strong><u>PREMIOS ASIGNADOS Y NO RECLAMADOS:<\/u><\/strong> Si por cualquier motivo cualquier Premio no pudiera entregarse, el Premio quedar\u00e1 en poder del Organizador.<\/li><\/ol><ol start=\"10\"><li><strong><u>PROBABILIDADES:<\/u><\/strong> La probabilidad de ganar uno de los Premios depender\u00e1 de la cantidad de Participantes, por lo que no es posible su predeterminaci\u00f3n matem\u00e1tica. No obstante, y en cumplimiento de las disposiciones reglamentarias aplicables, en el supuesto que se reciban un total de un mil (1.000) participaciones la probabilidad ser\u00eda de 0,005%.<\/li><\/ol><ol start=\"11\"><li><strong><u>RESPONSABILIDAD:<\/u><\/strong> El Organizador no ser\u00e1 responsable por los da\u00f1os y perjuicios que pudiera sufrir los Ganadores en sus personas o bienes, con motivo o en ocasi\u00f3n de la participaci\u00f3n y\/o retiro del Premio y\/o utilizaci\u00f3n del mismo. Las personas que intervengan en esta Promoci\u00f3n, por su sola participaci\u00f3n aceptar\u00e1n de pleno derecho todas y cada una de las disposiciones previstas en las presentes Bases.<\/li><\/ol><p>El Organizador en ning\u00fan caso, ser\u00e1 responsable por fallas en los equipos de computaci\u00f3n, de comunicaci\u00f3n, de suministro de energ\u00eda, de l\u00edneas telef\u00f3nicas, de la red Internet, ni por desperfectos t\u00e9cnicos, errores humanos o acciones deliberadas de terceros que pudieran perturbar, suspender o interrumpir el normal desarrollo de la Promoci\u00f3n.<\/p><p>Al recibir el Premio, los Ganadores lo aceptan sin que exista ninguna otra obligaci\u00f3n por parte del Organizador. Los Ganadores convienen en liberar y eximir de toda responsabilidad al Organizador, as\u00ed como a sus respectivos empleados y directivos y a cualquier otra persona directamente involucrada en la Promoci\u00f3n, de toda responsabilidad que en cualquier forma pueda surgir directa o indirectamente de su participaci\u00f3n en la Promoci\u00f3n y\/o de la aceptaci\u00f3n y\/o utilizaci\u00f3n del Premio.<\/p><ol start=\"12\"><li><strong><u>DATOS PERSONALES<\/u><\/strong>: Los Datos Personales obtenidos a trav\u00e9s de la Promoci\u00f3n ser\u00e1n utilizados para las siguientes finalidades: (a) Formar un perfil del Usuario e incorporarlo en programas de fidelizaci\u00f3n de clientes, (b) Enviarle al Usuario informaci\u00f3n y material publicitario y\/o promocional relacionado con la actividad que desarrolla el Organizador y\/o sus sociedades vinculadas, controlantes o controladas (c) realizar un estudio de mercado de IRSA INVERSIONES Y REPRESENTACIONES SOCIEDAD AN\u00d3NIMA o de sus sociedades vinculadas, controlantes o controladas.<\/li><\/ol><p>Los datos personales obtenidos con motivo de la presente Promoci\u00f3n, podr\u00e1n ser almacenados en una base de datos de titularidad de IRSA INVERSIONES Y REPRESENTACIONES SOCIEDAD AN\u00d3NIMA, la cual podr\u00e1 ser\u00e1 utilizada por ella o sus sociedades vinculadas o vinculantes a los fines del env\u00edo de material publicitario y promocional por cualquier medio que considere conveniente, incluyendo medios gr\u00e1ficos o de impresi\u00f3n, o el env\u00edo de correo electr\u00f3nico, ellos siempre y cuando el participante preste el consentimiento respectivo en los t\u00e9rminos de la Ley 25.326 y sus normas modificatorias y complementarias, suscribiendo la documentaci\u00f3n correspondiente<\/p><p>El Organizador se reserva el derecho de difundir el nombre y\/o im\u00e1genes de los Ganadores por los medios y formas de comunicaci\u00f3n que crea conveniente, por el t\u00e9rmino de un (1) a\u00f1o y sin obligaci\u00f3n de realizar compensaci\u00f3n alguna. Con la sola participaci\u00f3n en la presente Promoci\u00f3n, los Participantes prestan su expresa conformidad para la utilizaci\u00f3n y difusi\u00f3n de sus nombres, tipo y nro. de documento e im\u00e1genes (foto y video) por los medios publicitarios y de comunicaci\u00f3n que el Organizador disponga. La presente autorizaci\u00f3n es realizada en los t\u00e9rminos del art. 53 del C\u00f3digo Civil y Comercial de la Naci\u00f3n, del art\u00edculo 11 del Pacto de San Jos\u00e9 de Costa Rica, del art. 31 de la Ley N\u00b0 11.723, del art. 3 inc. h) de la ley N\u00b0 22.362 y toda otra normativa concordante. En virtud de esta autorizaci\u00f3n, los Participantes no tendr\u00e1n derecho a indemnizaci\u00f3n, pago o contraprestaci\u00f3n alguna por la difusi\u00f3n y\/o utilizaci\u00f3n mencionada precedentemente.<\/p><p>El titular de los datos personales tiene la facultad de ejercer el derecho de acceso a los mismos en forma gratuita a intervalos no inferiores a seis (6) meses, salvo que se acredite un inter\u00e9s leg\u00edtimo al efecto conforme lo establecido en el art\u00edculo 14, inciso 3 de la Ley N\u00b0 25.326. Asimismo, el titular de los datos tiene el derecho a rectificar sus datos, si los mismos fueran err\u00f3neos o inexactos, y de solicitar la supresi\u00f3n de los mismos, salvo que una norma legal, una obligaci\u00f3n contractual u otra raz\u00f3n obligara o permitiera al responsable de la base de datos conservarlos. Podr\u00e1 hacerlo enviando un mail a <a href=\"mailto:clientes@irsa.com.ar\">clientes@irsa.com.ar<\/a><\/p><p>La AGENCIA DE ACCESO A LA INFORMACI\u00d3N P\u00daBLICA, en su car\u00e1cter de \u00d3rgano de Control de la Ley N\u00b0 25.326, tiene la atribuci\u00f3n de atender las denuncias y reclamos que interpongan quienes resulten afectados en sus derechos por incumplimiento de las normas vigentes en materia de protecci\u00f3n de datos personales.\u201d<\/p><ol start=\"13\"><li><strong><u>FACULTADES DEL ORGANIZADOR:<\/u><\/strong> El Organizador podr\u00e1, a su s\u00f3lo criterio modificar la duraci\u00f3n de la Promoci\u00f3n y los Premios por otros de id\u00e9nticas caracter\u00edsticas y valores o introducir modificaciones a cualquiera de los puntos enunciados dando, en su caso, la debida comunicaci\u00f3n y publicidad y llevando a cabo de corresponder, los procedimientos legales necesarios. El Organizador podr\u00e1 suspender o modificar total o parcialmente las presentes Bases cuando se presenten situaciones no imputables al Organizador, sin que ello genere derecho a compensaci\u00f3n alguna a favor de los Participantes. El Organizador ser\u00e1 el \u00fanico que tendr\u00e1 facultad de decisi\u00f3n respecto de toda situaci\u00f3n no prevista en estas Bases y las resoluciones que adopte al respecto ser\u00e1n definitivas e inapelables.<\/li><\/ol><ol start=\"14\"><li><strong><u>IMPEDIMENTOS PARA PARTICIPAR DE LA PROMOCI\u00d3N:<\/u><\/strong> No podr\u00e1n participar en esta Promoci\u00f3n aquellas personas menores de dieciocho (18) a\u00f1os a la fecha de inicio del plazo de vigencia de la Promoci\u00f3n ni quienes tengan su domicilio fuera del Territorio, los empleados del Organizador, los locatarios y empleados de los locales y\/o g\u00f3ndolas comerciales ubicados en el Shopping, los de las agencias de publicidad relacionada con la Promoci\u00f3n, ni sus correspondientes familiares en primer grado de consanguinidad, en todos los casos con relaci\u00f3n laboral vigente a la fecha de inicio de la Promoci\u00f3n.<\/li><\/ol><ol start=\"15\"><li><strong><u>ACEPTACI\u00d3N DE BASES:<\/u><\/strong> La participaci\u00f3n en esta Promoci\u00f3n implica total conocimiento y aceptaci\u00f3n de estas Bases, las que por causas ajenas y de fuerza mayor no imputables al Organizador, podr\u00e1n ser modificadas, previa autorizaci\u00f3n de la autoridad de aplicaci\u00f3n, sin que ello d\u00e9 lugar a reclamo o indemnizaci\u00f3n alguna.<\/li><\/ol><ol start=\"16\"><li><strong><u>COMPETENCIA- JURISDICCI\u00d3N:<\/u><\/strong> Toda relaci\u00f3n que en virtud de la Promoci\u00f3n se genere entre el Participante y el Organizador ser\u00e1 regida y concertada en total sujeci\u00f3n a las leyes de la Rep\u00fablica Argentina, renunciando el Participante a cualquier otra ley a cuya aplicaci\u00f3n pudiera tener derecho. Asimismo, resultar\u00e1n competentes para dirimir cualquier controversia o procedimiento legal que surja entre el Organizador y el Participante, los Tribunales Comerciales de la Ciudad de Buenos Aires, cualquiera sea la causa de la acci\u00f3n o el reclamo, con renuncia expresa por parte suya a cualquier otra jurisdicci\u00f3n que pudiera corresponderle.<\/li><\/ol>\t\t\t\t\t\t\t\t<\/div>\n\t\t\t\t<\/div>\n\t\t\t\t\t<\/div>\n\t\t\t\t<\/div>\n\t\t<div class=\"elementor-element elementor-element-83fdf29 e-flex e-con-boxed e-con e-parent\" data-id=\"83fdf29\" data-element_type=\"container\" data-e-type=\"container\">\n\t\t\t\t\t<div class=\"e-con-inner\">\n\t\t\t\t<div class=\"elementor-element elementor-element-2a674b9 elementor-widget elementor-widget-heading\" data-id=\"2a674b9\" data-element_type=\"widget\" data-e-type=\"widget\" data-widget_type=\"heading.default\">\n\t\t\t\t<div class=\"elementor-widget-container\">\n\t\t\t\t\t<h2 class=\"elementor-heading-title elementor-size-default\">LEGALES SORTEO APPA<\/h2>\t\t\t\t<\/div>\n\t\t\t\t<\/div>\n\t\t\t\t<div class=\"elementor-element elementor-element-32f6738 elementor-widget elementor-widget-text-editor\" data-id=\"32f6738\" data-element_type=\"widget\" data-e-type=\"widget\" data-widget_type=\"text-editor.default\">\n\t\t\t\t<div class=\"elementor-widget-container\">\n\t\t\t\t\t\t\t\t\t<p>PROMOCI\u00d3N SIN OBLIGACI\u00d3N DE COMPRA V\u00c1LIDA EN RE! OUTLET (AV. SARMIENTO 2704, CABA) DEL 17 AL 30 DE OCTUBRE DE 2025 DE 12:00 A 20:00HS. O HASTA AGOTAR STOCK DE 544 BENEFICIOS EN TOTAL, LO QUE OCURRA PRIMERO. V\u00c1LIDA PARA PERSONAS MAYORES DE 18 A\u00d1OS REGISTRADAS O QUE SE REGISTREN EN LA APLICACI\u00d3N \u00a1APPA! QUIENES CUMPLAN LOS REQUISITOS INDICADOS PARTICIPAR\u00c1N EN LA RULETA DIGITAL POR 1 \u00a1APPA! GIFT DE $25.000 (STOCK 58 UNIDADES); O 1 \u00a1APPA! GIFT DE $20.000 (STOCK 105 UNIDADES); O 1 \u00a1APPA! GIFT DE $15.000 (STOCK DE 191 UNIDADES); O 1 \u00a1APPA! GIFT DE $10.000 (STOCK DE 190 UNIDADES). NO SE PODR\u00c1 ACUMULAR FACTURAS. SE PODR\u00c1 PARTICIPAR UNA VEZ POR D\u00cdA, POR FACTURA Y POR PERSONA\/USUARIO. PARA M\u00c1S INFORMACI\u00d3N CONSULTE BASES Y CONDICIONES EN HTTPS:\/\/WWW.REOUTLET.COM.AR\/. IRSA INVERSIONES Y REPRESENTACIONES SOCIEDAD AN\u00d3NIMA, CUIT 30-52532274-9, CARLOS DELLA PAOLERA 261, PISO 9, CABA.<\/p>\t\t\t\t\t\t\t\t<\/div>\n\t\t\t\t<\/div>\n\t\t\t\t\t<\/div>\n\t\t\t\t<\/div>\n\t\t\t\t<\/div>\n\t\t","protected":false},"excerpt":{"rendered":"<p>LEGALES &#8211; &#8220;GAN\u00c1 UNA CAMISETA AUTOGRAFIADA DE LA SELECCI\u00d3N \u2013 RE! OUTLET\u201d PROMOCION SIN OBLIGACI\u00d3N DE COMPRA V\u00c1LIDA EN LA FERIA RE! OUTLET \u2013 EDICI\u00d3N FLASH (AV. SARMIENTO 2704, CABA), DE 12:00 A 20:00HS DEL 17\/10\/2025 AL 30\/10\/2025, PARA MAYORES DE 18 A\u00d1OS REGISTRADOS EN \u00a1APPA! LAS PERSONAS QUE CARGUEN EN \u00a1APPA! UNA FACTURA DE [&hellip;]<\/p>\n","protected":false},"author":2,"featured_media":0,"parent":0,"menu_order":0,"comment_status":"closed","ping_status":"closed","template":"","meta":{"footnotes":""},"class_list":["post-775","page","type-page","status-publish","hentry"],"_links":{"self":[{"href":"https:\/\/www.reoutlet.com.ar\/index.php?rest_route=\/wp\/v2\/pages\/775","targetHints":{"allow":["GET"]}}],"collection":[{"href":"https:\/\/www.reoutlet.com.ar\/index.php?rest_route=\/wp\/v2\/pages"}],"about":[{"href":"https:\/\/www.reoutlet.com.ar\/index.php?rest_route=\/wp\/v2\/types\/page"}],"author":[{"embeddable":true,"href":"https:\/\/www.reoutlet.com.ar\/index.php?rest_route=\/wp\/v2\/users\/2"}],"replies":[{"embeddable":true,"href":"https:\/\/www.reoutlet.com.ar\/index.php?rest_route=%2Fwp%2Fv2%2Fcomments&post=775"}],"version-history":[{"count":16,"href":"https:\/\/www.reoutlet.com.ar\/index.php?rest_route=\/wp\/v2\/pages\/775\/revisions"}],"predecessor-version":[{"id":964,"href":"https:\/\/www.reoutlet.com.ar\/index.php?rest_route=\/wp\/v2\/pages\/775\/revisions\/964"}],"wp:attachment":[{"href":"https:\/\/www.reoutlet.com.ar\/index.php?rest_route=%2Fwp%2Fv2%2Fmedia&parent=775"}],"curies":[{"name":"wp","href":"https:\/\/api.w.org\/{rel}","templated":true}]}}